{"id":1276,"date":"2025-05-26T20:41:49","date_gmt":"2025-05-26T20:41:49","guid":{"rendered":"https:\/\/novo.linrentals.com.br\/sociedad\/"},"modified":"2025-05-30T16:15:10","modified_gmt":"2025-05-30T16:15:10","slug":"sociedad","status":"publish","type":"page","link":"https:\/\/lin.rentals\/es\/sociedad\/","title":{"rendered":"Sociedad"},"content":{"rendered":"\t\t<div data-elementor-type=\"wp-page\" data-elementor-id=\"1276\" class=\"elementor elementor-1276 elementor-728\" data-elementor-post-type=\"page\">\n\t\t\t\t<div class=\"elementor-element elementor-element-42ec476 e-flex e-con-boxed e-con e-parent\" data-id=\"42ec476\" data-element_type=\"container\" data-e-type=\"container\" data-settings=\"{&quot;background_background&quot;:&quot;classic&quot;}\">\n\t\t\t\t\t<div class=\"e-con-inner\">\n\t\t\t\t<div class=\"elementor-element elementor-element-1289971 elementor-widget elementor-widget-heading\" data-id=\"1289971\" data-element_type=\"widget\" data-e-type=\"widget\" data-widget_type=\"heading.default\">\n\t\t\t\t<div class=\"elementor-widget-container\">\n\t\t\t\t\t<h2 class=\"elementor-heading-title elementor-size-default\">Gracias por su inter\u00e9s en establecer una asociaci\u00f3n con LIN RENTALS.<br> Para iniciar el proceso, le pedimos que complete la siguiente informaci\u00f3n:<\/h2>\t\t\t\t<\/div>\n\t\t\t\t<\/div>\n\t\t\t\t\t<\/div>\n\t\t\t\t<\/div>\n\t\t<div class=\"elementor-element elementor-element-d9a416b e-flex e-con-boxed e-con e-parent\" data-id=\"d9a416b\" data-element_type=\"container\" data-e-type=\"container\">\n\t\t\t\t\t<div class=\"e-con-inner\">\n\t\t\t\t<div class=\"elementor-element elementor-element-2e88fde fluentform-widget-submit-button-custom elementor-widget elementor-widget-fluent-form-widget\" data-id=\"2e88fde\" data-element_type=\"widget\" data-e-type=\"widget\" data-widget_type=\"fluent-form-widget.default\">\n\t\t\t\t<div class=\"elementor-widget-container\">\n\t\t\t\t\t\n            <div class=\"fluentform-widget-wrapper hide-fluent-form-labels fluentform-widget-align-default\">\n\n            \n            <div class='fluentform ff-default fluentform_wrapper_3 ffs_default_wrap'><form data-form_id=\"3\" id=\"fluentform_3\" class=\"frm-fluent-form fluent_form_3 ff-el-form-top ff_form_instance_3_1 ff-form-loading ffs_default\" data-form_instance=\"ff_form_instance_3_1\" method=\"POST\" ><fieldset  style=\"border: none!important;margin: 0!important;padding: 0!important;background-color: transparent!important;box-shadow: none!important;outline: none!important; min-inline-size: 100%;\">\n                    <legend class=\"ff_screen_reader_title\" style=\"display: block; margin: 0!important;padding: 0!important;height: 0!important;text-indent: -999999px;width: 0!important;overflow:hidden;\">Blank Form (#3)<\/legend><p style=\"display: none !important;\" class=\"akismet-fields-container\" data-prefix=\"ak_\"><label>&#916;<textarea name=\"ak_hp_textarea\" cols=\"45\" rows=\"8\" maxlength=\"100\"><\/textarea><\/label><input type=\"hidden\" id=\"ak_js_1\" name=\"ak_js\" value=\"54\"\/><script>document.getElementById( \"ak_js_1\" ).setAttribute( \"value\", ( new Date() ).getTime() );<\/script><\/p><input type='hidden' name='__fluent_form_embded_post_id' value='1276' \/><input type=\"hidden\" id=\"_fluentform_3_fluentformnonce\" name=\"_fluentform_3_fluentformnonce\" value=\"3069f35411\" \/><input type=\"hidden\" name=\"_wp_http_referer\" value=\"\/es\/wp-json\/wp\/v2\/pages\/1276\" \/><div data-name=\"ff_cn_id_1\"  class='ff-t-container ff-column-container ff_columns_total_2 '><div class='ff-t-cell ff-t-column-1' style='flex-basis: 50%;'><div data-type=\"name-element\" data-name=\"names\" class=\" ff-field_container ff-name-field-wrapper\" ><div class='ff-t-container'><div class='ff-t-cell '><div class='ff-el-group ff-el-form-top'><div class=\"ff-el-input--label asterisk-right\"><label for='ff_3_names_first_name_' id='label_ff_3_names_first_name_' >Nome completo<\/label><\/div><div class='ff-el-input--content'><input type=\"text\" name=\"names[first_name]\" value=\"Nome completo\" id=\"ff_3_names_first_name_\" class=\"ff-el-form-control\" placeholder=\"Digite seu nome\" aria-invalid=\"false\" aria-required=false><\/div><\/div><\/div><\/div><\/div><\/div><div class='ff-t-cell ff-t-column-2' style='flex-basis: 50%;'><\/div><\/div><div data-name=\"ff_cn_id_2\"  class='ff-t-container ff-column-container ff_columns_total_2 '><div class='ff-t-cell ff-t-column-1' style='flex-basis: 50%;'><div class='ff-el-group'><div class=\"ff-el-input--label asterisk-right\"><label for='ff_3_input_text' id='label_ff_3_input_text' aria-label=\"Nome da empresa\">Nome da empresa<\/label><\/div><div class='ff-el-input--content'><input type=\"text\" name=\"input_text\" class=\"ff-el-form-control\" placeholder=\"Nome da empresa\" data-name=\"input_text\" id=\"ff_3_input_text\"  aria-invalid=\"false\" aria-required=false><\/div><\/div><\/div><div class='ff-t-cell ff-t-column-2' style='flex-basis: 50%;'><div class='ff-el-group'><div class=\"ff-el-input--label asterisk-right\"><label for='ff_3_email' id='label_ff_3_email' aria-label=\"E-mail\">E-mail<\/label><\/div><div class='ff-el-input--content'><input type=\"email\" name=\"email\" id=\"ff_3_email\" class=\"ff-el-form-control\" placeholder=\"Email \" data-name=\"email\"  aria-invalid=\"false\" aria-required=false><\/div><\/div><\/div><\/div><div class='ff-el-group'><div class=\"ff-el-input--label asterisk-right\"><label for='ff_3_input_text_1' id='label_ff_3_input_text_1' aria-label=\"WebSite\">WebSite<\/label><\/div><div class='ff-el-input--content'><input type=\"text\" name=\"input_text_1\" class=\"ff-el-form-control\" placeholder=\"WebSite\" data-name=\"input_text_1\" id=\"ff_3_input_text_1\"  aria-invalid=\"false\" aria-required=false><\/div><\/div><div class='ff-el-group ff-text-left ff_submit_btn_wrapper'><button type=\"submit\" class=\"ff-btn ff-btn-submit ff-btn-md ff_btn_style\"  aria-label=\"enviar\">enviar<\/button><\/div><\/fieldset><\/form><div id='fluentform_3_errors' class='ff-errors-in-stack ff_form_instance_3_1 ff-form-loading_errors ff_form_instance_3_1_errors'><\/div><\/div>            <script type=\"text\/javascript\">\n                window.fluent_form_ff_form_instance_3_1 = {\"id\":\"3\",\"settings\":{\"layout\":{\"labelPlacement\":\"top\",\"asteriskPlacement\":\"asterisk-right\",\"helpMessagePlacement\":\"with_label\",\"errorMessagePlacement\":\"inline\",\"cssClassName\":\"\"},\"restrictions\":{\"denyEmptySubmission\":{\"enabled\":false}}},\"form_instance\":\"ff_form_instance_3_1\",\"form_id_selector\":\"fluentform_3\",\"rules\":{\"names[first_name]\":{\"required\":{\"value\":false,\"message\":\"This field is required\",\"global_message\":\"Este campo \\u00e9 obrigat\\u00f3rio\",\"global\":true}},\"names[middle_name]\":{\"required\":{\"value\":false,\"message\":\"This field is required\",\"global_message\":\"Este campo \\u00e9 obrigat\\u00f3rio\",\"global\":true}},\"names[last_name]\":{\"required\":{\"value\":false,\"message\":\"This field is required\",\"global_message\":\"Este campo \\u00e9 obrigat\\u00f3rio\",\"global\":true}},\"phone\":{\"required\":{\"value\":false,\"global\":true,\"message\":\"This field is required\",\"global_message\":\"Este campo \\u00e9 obrigat\\u00f3rio\"},\"valid_phone_number\":{\"value\":false,\"global\":true,\"message\":\"\",\"global_message\":\"O n\\u00famero de telefone n\\u00e3o \\u00e9 v\\u00e1lido\"}},\"input_text\":{\"required\":{\"value\":false,\"message\":\"This field is required\",\"global_message\":\"Este campo \\u00e9 obrigat\\u00f3rio\",\"global\":true}},\"email\":{\"required\":{\"value\":false,\"message\":\"This field is required\",\"global_message\":\"Este campo \\u00e9 obrigat\\u00f3rio\",\"global\":true},\"email\":{\"value\":true,\"message\":\"This field must contain a valid email\",\"global_message\":\"Este campo deve conter um e-mail v\\u00e1lido\",\"global\":true}},\"input_text_1\":{\"required\":{\"value\":false,\"message\":\"This field is required\",\"global_message\":\"Este campo \\u00e9 obrigat\\u00f3rio\",\"global\":true}}},\"debounce_time\":300};\n                            <\/script>\n                        <\/div>\n\n            \t\t\t\t<\/div>\n\t\t\t\t<\/div>\n\t\t\t\t\t<\/div>\n\t\t\t\t<\/div>\n\t\t\t\t<\/div>\n\t\t","protected":false},"excerpt":{"rendered":"<p>Gracias por su inter\u00e9s en establecer una asociaci\u00f3n con LIN RENTALS. Para iniciar el proceso, le pedimos que complete la siguiente informaci\u00f3n: Blank Form (#3) Nome completoTelefoneNome da empresaE-mailWebSiteenviar<\/p>\n","protected":false},"author":1,"featured_media":1348,"parent":0,"menu_order":0,"comment_status":"closed","ping_status":"closed","template":"","meta":{"footnotes":""},"class_list":["post-1276","page","type-page","status-publish","has-post-thumbnail","hentry"],"yoast_head":"<!-- This site is optimized with the Yoast SEO plugin v27.3 - https:\/\/yoast.com\/product\/yoast-seo-wordpress\/ -->\n<title>Sociedad - Lin Rentals<\/title>\n<meta name=\"robots\" content=\"index, follow, max-snippet:-1, max-image-preview:large, max-video-preview:-1\" \/>\n<link rel=\"canonical\" href=\"https:\/\/lin.rentals\/partnership\/\" \/>\n<meta property=\"og:locale\" content=\"en_US\" \/>\n<meta property=\"og:type\" content=\"article\" \/>\n<meta property=\"og:title\" content=\"Sociedad - Lin Rentals\" \/>\n<meta property=\"og:description\" content=\"Gracias por su inter\u00e9s en establecer una asociaci\u00f3n con LIN RENTALS. Para iniciar el proceso, le pedimos que complete la siguiente informaci\u00f3n: Blank Form (#3) Nome completoTelefoneNome da empresaE-mailWebSiteenviar\" \/>\n<meta property=\"og:url\" content=\"https:\/\/lin.rentals\/partnership\/\" \/>\n<meta property=\"og:site_name\" content=\"Lin Rentals\" \/>\n<meta property=\"article:modified_time\" content=\"2025-05-30T16:15:10+00:00\" \/>\n<meta property=\"og:image\" content=\"https:\/\/lin.rentals\/wp-content\/uploads\/2025\/06\/Lin-Rentals-Partnerships.png\" \/>\n\t<meta property=\"og:image:width\" content=\"512\" \/>\n\t<meta property=\"og:image:height\" content=\"512\" \/>\n\t<meta property=\"og:image:type\" content=\"image\/png\" \/>\n<meta name=\"twitter:card\" content=\"summary_large_image\" \/>\n<script type=\"application\/ld+json\" class=\"yoast-schema-graph\">{\"@context\":\"https:\\\/\\\/schema.org\",\"@graph\":[{\"@type\":\"WebPage\",\"@id\":\"https:\\\/\\\/lin.rentals\\\/partnership\\\/\",\"url\":\"https:\\\/\\\/lin.rentals\\\/partnership\\\/\",\"name\":\"Sociedad - Lin Rentals\",\"isPartOf\":{\"@id\":\"https:\\\/\\\/lin.rentals\\\/#website\"},\"primaryImageOfPage\":{\"@id\":\"https:\\\/\\\/lin.rentals\\\/partnership\\\/#primaryimage\"},\"image\":{\"@id\":\"https:\\\/\\\/lin.rentals\\\/partnership\\\/#primaryimage\"},\"thumbnailUrl\":\"https:\\\/\\\/lin.rentals\\\/wp-content\\\/uploads\\\/2025\\\/06\\\/Lin-Rentals-Partnerships.png\",\"datePublished\":\"2025-05-26T20:41:49+00:00\",\"dateModified\":\"2025-05-30T16:15:10+00:00\",\"breadcrumb\":{\"@id\":\"https:\\\/\\\/lin.rentals\\\/partnership\\\/#breadcrumb\"},\"inLanguage\":\"\u00e9-ES\",\"potentialAction\":[{\"@type\":\"ReadAction\",\"target\":[\"https:\\\/\\\/lin.rentals\\\/partnership\\\/\"]}]},{\"@type\":\"ImageObject\",\"inLanguage\":\"\u00e9-ES\",\"@id\":\"https:\\\/\\\/lin.rentals\\\/partnership\\\/#primaryimage\",\"url\":\"https:\\\/\\\/lin.rentals\\\/wp-content\\\/uploads\\\/2025\\\/06\\\/Lin-Rentals-Partnerships.png\",\"contentUrl\":\"https:\\\/\\\/lin.rentals\\\/wp-content\\\/uploads\\\/2025\\\/06\\\/Lin-Rentals-Partnerships.png\",\"width\":512,\"height\":512,\"caption\":\"Partnerships Lin Rentals\"},{\"@type\":\"BreadcrumbList\",\"@id\":\"https:\\\/\\\/lin.rentals\\\/partnership\\\/#breadcrumb\",\"itemListElement\":[{\"@type\":\"ListItem\",\"position\":1,\"name\":\"Home\",\"item\":\"https:\\\/\\\/lin.rentals\\\/es\\\/\"},{\"@type\":\"ListItem\",\"position\":2,\"name\":\"Sociedad\"}]},{\"@type\":\"WebSite\",\"@id\":\"https:\\\/\\\/lin.rentals\\\/#website\",\"url\":\"https:\\\/\\\/lin.rentals\\\/\",\"name\":\"Lin Rentals\",\"description\":\"Alugue seu carrinho agora!\",\"potentialAction\":[{\"@type\":\"SearchAction\",\"target\":{\"@type\":\"EntryPoint\",\"urlTemplate\":\"https:\\\/\\\/lin.rentals\\\/?s={search_term_string}\"},\"query-input\":{\"@type\":\"PropertyValueSpecification\",\"valueRequired\":true,\"valueName\":\"search_term_string\"}}],\"inLanguage\":\"\u00e9-ES\"}]}<\/script>\n<!-- \/ Yoast SEO plugin. -->","yoast_head_json":{"title":"Sociedad - Lin Rentals","robots":{"index":"index","follow":"follow","max-snippet":"max-snippet:-1","max-image-preview":"max-image-preview:large","max-video-preview":"max-video-preview:-1"},"canonical":"https:\/\/lin.rentals\/partnership\/","og_locale":"en_US","og_type":"article","og_title":"Sociedad - Lin Rentals","og_description":"Gracias por su inter\u00e9s en establecer una asociaci\u00f3n con LIN RENTALS. Para iniciar el proceso, le pedimos que complete la siguiente informaci\u00f3n: Blank Form (#3) Nome completoTelefoneNome da empresaE-mailWebSiteenviar","og_url":"https:\/\/lin.rentals\/partnership\/","og_site_name":"Lin Rentals","article_modified_time":"2025-05-30T16:15:10+00:00","og_image":[{"width":512,"height":512,"url":"https:\/\/lin.rentals\/wp-content\/uploads\/2025\/06\/Lin-Rentals-Partnerships.png","type":"image\/png"}],"twitter_card":"summary_large_image","schema":{"@context":"https:\/\/schema.org","@graph":[{"@type":"WebPage","@id":"https:\/\/lin.rentals\/partnership\/","url":"https:\/\/lin.rentals\/partnership\/","name":"Sociedad - Lin Rentals","isPartOf":{"@id":"https:\/\/lin.rentals\/#website"},"primaryImageOfPage":{"@id":"https:\/\/lin.rentals\/partnership\/#primaryimage"},"image":{"@id":"https:\/\/lin.rentals\/partnership\/#primaryimage"},"thumbnailUrl":"https:\/\/lin.rentals\/wp-content\/uploads\/2025\/06\/Lin-Rentals-Partnerships.png","datePublished":"2025-05-26T20:41:49+00:00","dateModified":"2025-05-30T16:15:10+00:00","breadcrumb":{"@id":"https:\/\/lin.rentals\/partnership\/#breadcrumb"},"inLanguage":"\u00e9-ES","potentialAction":[{"@type":"ReadAction","target":["https:\/\/lin.rentals\/partnership\/"]}]},{"@type":"ImageObject","inLanguage":"\u00e9-ES","@id":"https:\/\/lin.rentals\/partnership\/#primaryimage","url":"https:\/\/lin.rentals\/wp-content\/uploads\/2025\/06\/Lin-Rentals-Partnerships.png","contentUrl":"https:\/\/lin.rentals\/wp-content\/uploads\/2025\/06\/Lin-Rentals-Partnerships.png","width":512,"height":512,"caption":"Partnerships Lin Rentals"},{"@type":"BreadcrumbList","@id":"https:\/\/lin.rentals\/partnership\/#breadcrumb","itemListElement":[{"@type":"ListItem","position":1,"name":"Home","item":"https:\/\/lin.rentals\/es\/"},{"@type":"ListItem","position":2,"name":"Sociedad"}]},{"@type":"WebSite","@id":"https:\/\/lin.rentals\/#website","url":"https:\/\/lin.rentals\/","name":"Lin Rentals","description":"Alugue seu carrinho agora!","potentialAction":[{"@type":"SearchAction","target":{"@type":"EntryPoint","urlTemplate":"https:\/\/lin.rentals\/?s={search_term_string}"},"query-input":{"@type":"PropertyValueSpecification","valueRequired":true,"valueName":"search_term_string"}}],"inLanguage":"\u00e9-ES"}]}},"_links":{"self":[{"href":"https:\/\/lin.rentals\/es\/wp-json\/wp\/v2\/pages\/1276","targetHints":{"allow":["GET"]}}],"collection":[{"href":"https:\/\/lin.rentals\/es\/wp-json\/wp\/v2\/pages"}],"about":[{"href":"https:\/\/lin.rentals\/es\/wp-json\/wp\/v2\/types\/page"}],"author":[{"embeddable":true,"href":"https:\/\/lin.rentals\/es\/wp-json\/wp\/v2\/users\/1"}],"replies":[{"embeddable":true,"href":"https:\/\/lin.rentals\/es\/wp-json\/wp\/v2\/comments?post=1276"}],"version-history":[{"count":1,"href":"https:\/\/lin.rentals\/es\/wp-json\/wp\/v2\/pages\/1276\/revisions"}],"predecessor-version":[{"id":1277,"href":"https:\/\/lin.rentals\/es\/wp-json\/wp\/v2\/pages\/1276\/revisions\/1277"}],"wp:featuredmedia":[{"embeddable":true,"href":"https:\/\/lin.rentals\/es\/wp-json\/wp\/v2\/media\/1348"}],"wp:attachment":[{"href":"https:\/\/lin.rentals\/es\/wp-json\/wp\/v2\/media?parent=1276"}],"curies":[{"name":"wp","href":"https:\/\/api.w.org\/{rel}","templated":true}]}}