{"id":1152,"date":"2025-04-29T18:46:39","date_gmt":"2025-04-29T18:46:39","guid":{"rendered":"https:\/\/novo.linrentals.com.br\/testimonios\/"},"modified":"2025-06-03T16:08:33","modified_gmt":"2025-06-03T16:08:33","slug":"testimonios","status":"publish","type":"page","link":"https:\/\/lin.rentals\/es\/testimonios\/","title":{"rendered":"Testimonios"},"content":{"rendered":"\t\t<div data-elementor-type=\"wp-page\" data-elementor-id=\"1152\" class=\"elementor elementor-1152 elementor-122\" data-elementor-post-type=\"page\">\n\t\t\t\t<div class=\"elementor-element elementor-element-ca26b06 e-flex e-con-boxed e-con e-parent\" data-id=\"ca26b06\" data-element_type=\"container\" data-e-type=\"container\">\n\t\t\t\t\t<div class=\"e-con-inner\">\n\t\t\t\t\t<\/div>\n\t\t\t\t<\/div>\n\t\t\t\t<\/div>\n\t\t","protected":false},"excerpt":{"rendered":"<p>Gabriela Souza May 16, 2025 Atendimento r\u00e1pido. Pr\u00e1tico. Entregaram o carrinho na recep\u00e7\u00e3o do hotel no hor\u00e1rio combinado, atendimento integral via WhatsApp, absolutamente facilitado. N\u00e3o existe Orlando com crian\u00e7as sem carrinho, torna a viagem mais leve e a jornada de parque menos cansativa. Eu amei o servi\u00e7o e produto. Carrinho duplo robusto, novo, impec\u00e1vel! Com [&hellip;]<\/p>\n","protected":false},"author":1,"featured_media":1355,"parent":0,"menu_order":0,"comment_status":"closed","ping_status":"closed","template":"","meta":{"footnotes":""},"class_list":["post-1152","page","type-page","status-publish","has-post-thumbnail","hentry"],"yoast_head":"<!-- This site is optimized with the Yoast SEO plugin v27.3 - https:\/\/yoast.com\/product\/yoast-seo-wordpress\/ -->\n<title>Testimonios - Lin Rentals<\/title>\n<meta name=\"robots\" content=\"index, follow, max-snippet:-1, max-image-preview:large, max-video-preview:-1\" \/>\n<link rel=\"canonical\" href=\"https:\/\/lin.rentals\/testimonials\/\" \/>\n<meta property=\"og:locale\" content=\"en_US\" \/>\n<meta property=\"og:type\" content=\"article\" \/>\n<meta property=\"og:title\" content=\"Testimonios - Lin Rentals\" \/>\n<meta property=\"og:description\" content=\"Gabriela Souza May 16, 2025 Atendimento r\u00e1pido. Pr\u00e1tico. Entregaram o carrinho na recep\u00e7\u00e3o do hotel no hor\u00e1rio combinado, atendimento integral via WhatsApp, absolutamente facilitado. N\u00e3o existe Orlando com crian\u00e7as sem carrinho, torna a viagem mais leve e a jornada de parque menos cansativa. Eu amei o servi\u00e7o e produto. Carrinho duplo robusto, novo, impec\u00e1vel! Com [&hellip;]\" \/>\n<meta property=\"og:url\" content=\"https:\/\/lin.rentals\/testimonials\/\" \/>\n<meta property=\"og:site_name\" content=\"Lin Rentals\" \/>\n<meta property=\"article:modified_time\" content=\"2025-06-03T16:08:33+00:00\" \/>\n<meta property=\"og:image\" content=\"https:\/\/lin.rentals\/wp-content\/uploads\/2025\/06\/Lin-Rentals-Rental-Terms-Conditions-1.png\" \/>\n\t<meta property=\"og:image:width\" content=\"512\" \/>\n\t<meta property=\"og:image:height\" content=\"512\" \/>\n\t<meta property=\"og:image:type\" content=\"image\/png\" \/>\n<meta name=\"twitter:card\" content=\"summary_large_image\" \/>\n<meta name=\"twitter:label1\" content=\"Est. reading time\" \/>\n\t<meta name=\"twitter:data1\" content=\"21 minutes\" \/>\n<script type=\"application\/ld+json\" class=\"yoast-schema-graph\">{\"@context\":\"https:\\\/\\\/schema.org\",\"@graph\":[{\"@type\":\"WebPage\",\"@id\":\"https:\\\/\\\/lin.rentals\\\/testimonials\\\/\",\"url\":\"https:\\\/\\\/lin.rentals\\\/testimonials\\\/\",\"name\":\"Testimonios - Lin Rentals\",\"isPartOf\":{\"@id\":\"https:\\\/\\\/lin.rentals\\\/#website\"},\"primaryImageOfPage\":{\"@id\":\"https:\\\/\\\/lin.rentals\\\/testimonials\\\/#primaryimage\"},\"image\":{\"@id\":\"https:\\\/\\\/lin.rentals\\\/testimonials\\\/#primaryimage\"},\"thumbnailUrl\":\"https:\\\/\\\/lin.rentals\\\/wp-content\\\/uploads\\\/2025\\\/06\\\/Lin-Rentals-Rental-Terms-Conditions-1.png\",\"datePublished\":\"2025-04-29T18:46:39+00:00\",\"dateModified\":\"2025-06-03T16:08:33+00:00\",\"breadcrumb\":{\"@id\":\"https:\\\/\\\/lin.rentals\\\/testimonials\\\/#breadcrumb\"},\"inLanguage\":\"\u00e9-ES\",\"potentialAction\":[{\"@type\":\"ReadAction\",\"target\":[\"https:\\\/\\\/lin.rentals\\\/testimonials\\\/\"]}]},{\"@type\":\"ImageObject\",\"inLanguage\":\"\u00e9-ES\",\"@id\":\"https:\\\/\\\/lin.rentals\\\/testimonials\\\/#primaryimage\",\"url\":\"https:\\\/\\\/lin.rentals\\\/wp-content\\\/uploads\\\/2025\\\/06\\\/Lin-Rentals-Rental-Terms-Conditions-1.png\",\"contentUrl\":\"https:\\\/\\\/lin.rentals\\\/wp-content\\\/uploads\\\/2025\\\/06\\\/Lin-Rentals-Rental-Terms-Conditions-1.png\",\"width\":512,\"height\":512,\"caption\":\"Testimonials | Lin Rentals\"},{\"@type\":\"BreadcrumbList\",\"@id\":\"https:\\\/\\\/lin.rentals\\\/testimonials\\\/#breadcrumb\",\"itemListElement\":[{\"@type\":\"ListItem\",\"position\":1,\"name\":\"Home\",\"item\":\"https:\\\/\\\/lin.rentals\\\/es\\\/\"},{\"@type\":\"ListItem\",\"position\":2,\"name\":\"Testimonios\"}]},{\"@type\":\"WebSite\",\"@id\":\"https:\\\/\\\/lin.rentals\\\/#website\",\"url\":\"https:\\\/\\\/lin.rentals\\\/\",\"name\":\"Lin Rentals\",\"description\":\"Alugue seu carrinho agora!\",\"potentialAction\":[{\"@type\":\"SearchAction\",\"target\":{\"@type\":\"EntryPoint\",\"urlTemplate\":\"https:\\\/\\\/lin.rentals\\\/?s={search_term_string}\"},\"query-input\":{\"@type\":\"PropertyValueSpecification\",\"valueRequired\":true,\"valueName\":\"search_term_string\"}}],\"inLanguage\":\"\u00e9-ES\"}]}<\/script>\n<!-- \/ Yoast SEO plugin. -->","yoast_head_json":{"title":"Testimonios - Lin Rentals","robots":{"index":"index","follow":"follow","max-snippet":"max-snippet:-1","max-image-preview":"max-image-preview:large","max-video-preview":"max-video-preview:-1"},"canonical":"https:\/\/lin.rentals\/testimonials\/","og_locale":"en_US","og_type":"article","og_title":"Testimonios - Lin Rentals","og_description":"Gabriela Souza May 16, 2025 Atendimento r\u00e1pido. Pr\u00e1tico. Entregaram o carrinho na recep\u00e7\u00e3o do hotel no hor\u00e1rio combinado, atendimento integral via WhatsApp, absolutamente facilitado. N\u00e3o existe Orlando com crian\u00e7as sem carrinho, torna a viagem mais leve e a jornada de parque menos cansativa. Eu amei o servi\u00e7o e produto. Carrinho duplo robusto, novo, impec\u00e1vel! Com [&hellip;]","og_url":"https:\/\/lin.rentals\/testimonials\/","og_site_name":"Lin Rentals","article_modified_time":"2025-06-03T16:08:33+00:00","og_image":[{"width":512,"height":512,"url":"https:\/\/lin.rentals\/wp-content\/uploads\/2025\/06\/Lin-Rentals-Rental-Terms-Conditions-1.png","type":"image\/png"}],"twitter_card":"summary_large_image","twitter_misc":{"Est. reading time":"21 minutes"},"schema":{"@context":"https:\/\/schema.org","@graph":[{"@type":"WebPage","@id":"https:\/\/lin.rentals\/testimonials\/","url":"https:\/\/lin.rentals\/testimonials\/","name":"Testimonios - Lin Rentals","isPartOf":{"@id":"https:\/\/lin.rentals\/#website"},"primaryImageOfPage":{"@id":"https:\/\/lin.rentals\/testimonials\/#primaryimage"},"image":{"@id":"https:\/\/lin.rentals\/testimonials\/#primaryimage"},"thumbnailUrl":"https:\/\/lin.rentals\/wp-content\/uploads\/2025\/06\/Lin-Rentals-Rental-Terms-Conditions-1.png","datePublished":"2025-04-29T18:46:39+00:00","dateModified":"2025-06-03T16:08:33+00:00","breadcrumb":{"@id":"https:\/\/lin.rentals\/testimonials\/#breadcrumb"},"inLanguage":"\u00e9-ES","potentialAction":[{"@type":"ReadAction","target":["https:\/\/lin.rentals\/testimonials\/"]}]},{"@type":"ImageObject","inLanguage":"\u00e9-ES","@id":"https:\/\/lin.rentals\/testimonials\/#primaryimage","url":"https:\/\/lin.rentals\/wp-content\/uploads\/2025\/06\/Lin-Rentals-Rental-Terms-Conditions-1.png","contentUrl":"https:\/\/lin.rentals\/wp-content\/uploads\/2025\/06\/Lin-Rentals-Rental-Terms-Conditions-1.png","width":512,"height":512,"caption":"Testimonials | Lin Rentals"},{"@type":"BreadcrumbList","@id":"https:\/\/lin.rentals\/testimonials\/#breadcrumb","itemListElement":[{"@type":"ListItem","position":1,"name":"Home","item":"https:\/\/lin.rentals\/es\/"},{"@type":"ListItem","position":2,"name":"Testimonios"}]},{"@type":"WebSite","@id":"https:\/\/lin.rentals\/#website","url":"https:\/\/lin.rentals\/","name":"Lin Rentals","description":"Alugue seu carrinho agora!","potentialAction":[{"@type":"SearchAction","target":{"@type":"EntryPoint","urlTemplate":"https:\/\/lin.rentals\/?s={search_term_string}"},"query-input":{"@type":"PropertyValueSpecification","valueRequired":true,"valueName":"search_term_string"}}],"inLanguage":"\u00e9-ES"}]}},"_links":{"self":[{"href":"https:\/\/lin.rentals\/es\/wp-json\/wp\/v2\/pages\/1152","targetHints":{"allow":["GET"]}}],"collection":[{"href":"https:\/\/lin.rentals\/es\/wp-json\/wp\/v2\/pages"}],"about":[{"href":"https:\/\/lin.rentals\/es\/wp-json\/wp\/v2\/types\/page"}],"author":[{"embeddable":true,"href":"https:\/\/lin.rentals\/es\/wp-json\/wp\/v2\/users\/1"}],"replies":[{"embeddable":true,"href":"https:\/\/lin.rentals\/es\/wp-json\/wp\/v2\/comments?post=1152"}],"version-history":[{"count":7,"href":"https:\/\/lin.rentals\/es\/wp-json\/wp\/v2\/pages\/1152\/revisions"}],"predecessor-version":[{"id":1308,"href":"https:\/\/lin.rentals\/es\/wp-json\/wp\/v2\/pages\/1152\/revisions\/1308"}],"wp:featuredmedia":[{"embeddable":true,"href":"https:\/\/lin.rentals\/es\/wp-json\/wp\/v2\/media\/1355"}],"wp:attachment":[{"href":"https:\/\/lin.rentals\/es\/wp-json\/wp\/v2\/media?parent=1152"}],"curies":[{"name":"wp","href":"https:\/\/api.w.org\/{rel}","templated":true}]}}