{"id":1116,"date":"2025-04-29T18:47:05","date_gmt":"2025-04-29T18:47:05","guid":{"rendered":"https:\/\/novo.linrentals.com.br\/faqs\/"},"modified":"2025-05-28T17:15:29","modified_gmt":"2025-05-28T17:15:29","slug":"faqs","status":"publish","type":"page","link":"https:\/\/lin.rentals\/es\/faqs\/","title":{"rendered":"FAQs"},"content":{"rendered":"\t\t<div data-elementor-type=\"wp-page\" data-elementor-id=\"1116\" class=\"elementor elementor-1116 elementor-126\" data-elementor-post-type=\"page\">\n\t\t\t\t<div class=\"elementor-element elementor-element-d2a9754 e-flex e-con-boxed e-con e-parent\" data-id=\"d2a9754\" data-element_type=\"container\" data-e-type=\"container\">\n\t\t\t\t\t<div class=\"e-con-inner\">\n\t\t\t\t<div class=\"elementor-element elementor-element-37d7352 elementor-widget elementor-widget-heading\" data-id=\"37d7352\" data-element_type=\"widget\" data-e-type=\"widget\" data-widget_type=\"heading.default\">\n\t\t\t\t<div class=\"elementor-widget-container\">\n\t\t\t\t\t<h2 class=\"elementor-heading-title elementor-size-default\">Preguntas Frecuentes<\/h2>\t\t\t\t<\/div>\n\t\t\t\t<\/div>\n\t\t\t\t<div class=\"elementor-element elementor-element-1af7c72 elementor-widget elementor-widget-n-accordion\" data-id=\"1af7c72\" data-element_type=\"widget\" data-e-type=\"widget\" data-settings=\"{&quot;default_state&quot;:&quot;all_collapsed&quot;,&quot;max_items_expended&quot;:&quot;one&quot;,&quot;n_accordion_animation_duration&quot;:{&quot;unit&quot;:&quot;ms&quot;,&quot;size&quot;:400,&quot;sizes&quot;:[]}}\" data-widget_type=\"nested-accordion.default\">\n\t\t\t\t<div class=\"elementor-widget-container\">\n\t\t\t\t\t\t\t<div class=\"e-n-accordion\" aria-label=\"Accordion. Open links with Enter or Space, close with Escape, and navigate with Arrow Keys\">\n\t\t\t\t\t\t<details id=\"e-n-accordion-item-2820\" class=\"e-n-accordion-item\" >\n\t\t\t\t<summary class=\"e-n-accordion-item-title\" data-accordion-index=\"1\" tabindex=\"0\" aria-expanded=\"false\" aria-controls=\"e-n-accordion-item-2820\" >\n\t\t\t\t\t<span class='e-n-accordion-item-title-header'><div class=\"e-n-accordion-item-title-text\"> \u00bfC\u00f3mo alquilar con Lin Rentals?How to Rent with Lin Rentals? <\/div><\/span>\n\t\t\t\t\t\t\t<span class='e-n-accordion-item-title-icon'>\n\t\t\t<span class='e-opened' ><svg aria-hidden=\"true\" class=\"e-font-icon-svg e-fas-minus\" viewBox=\"0 0 448 512\" xmlns=\"http:\/\/www.w3.org\/2000\/svg\"><path d=\"M416 208H32c-17.67 0-32 14.33-32 32v32c0 17.67 14.33 32 32 32h384c17.67 0 32-14.33 32-32v-32c0-17.67-14.33-32-32-32z\"><\/path><\/svg><\/span>\n\t\t\t<span class='e-closed'><svg aria-hidden=\"true\" class=\"e-font-icon-svg e-fas-plus\" viewBox=\"0 0 448 512\" xmlns=\"http:\/\/www.w3.org\/2000\/svg\"><path d=\"M416 208H272V64c0-17.67-14.33-32-32-32h-32c-17.67 0-32 14.33-32 32v144H32c-17.67 0-32 14.33-32 32v32c0 17.67 14.33 32 32 32h144v144c0 17.67 14.33 32 32 32h32c17.67 0 32-14.33 32-32V304h144c17.67 0 32-14.33 32-32v-32c0-17.67-14.33-32-32-32z\"><\/path><\/svg><\/span>\n\t\t<\/span>\n\n\t\t\t\t\t\t<\/summary>\n\t\t\t\t<div role=\"region\" aria-labelledby=\"e-n-accordion-item-2820\" class=\"elementor-element elementor-element-4008419 e-con-full e-flex e-con e-child\" data-id=\"4008419\" data-element_type=\"container\" data-e-type=\"container\">\n\t\t\t\t<div class=\"elementor-element elementor-element-b831862 elementor-widget elementor-widget-text-editor\" data-id=\"b831862\" data-element_type=\"widget\" data-e-type=\"widget\" data-widget_type=\"text-editor.default\">\n\t\t\t\t<div class=\"elementor-widget-container\">\n\t\t\t\t\t\t\t\t\t<p data-start=\"0\" data-end=\"208\">\u00a1A trav\u00e9s de nuestro sistema de reservas en l\u00ednea en nuestro sitio web o por WhatsApp, puedes verificar la disponibilidad del producto que necesitas para tus fechas de viaje! Asegura tu alquiler con antelaci\u00f3n. <\/p><p data-start=\"210\" data-end=\"280\" data-is-last-node=\"\">Para solicitudes urgentes, por favor cont\u00e1ctanos en <strong data-start=\"252\" data-end=\"279\"><a data-start=\"254\" data-end=\"277\">linrentalseua@gmail.com.<\/a><\/strong><\/p><p><br><br> \u00bfC\u00f3mo consigo alquilar en Lin Rentals? <br><br>A trav\u00e9s de nuestro centro de reservas en l\u00ednea en el sitio web y WhatsApp, \u00a1puedes consultar la disponibilidad del producto que buscas para la fecha de tu viaje! Asegura tu alquiler con anticipaci\u00f3n. <br><br>En caso de urgencia, consulta nuestro correo electr\u00f3nico linrentalseua@gmail.com.<\/p>\t\t\t\t\t\t\t\t<\/div>\n\t\t\t\t<\/div>\n\t\t\t\t<\/div>\n\t\t\t\t\t<\/details>\n\t\t\t\t\t\t<details id=\"e-n-accordion-item-2821\" class=\"e-n-accordion-item\" >\n\t\t\t\t<summary class=\"e-n-accordion-item-title\" data-accordion-index=\"2\" tabindex=\"-1\" aria-expanded=\"false\" aria-controls=\"e-n-accordion-item-2821\" >\n\t\t\t\t\t<span class='e-n-accordion-item-title-header'><div class=\"e-n-accordion-item-title-text\"> \u00bfHacen entregas en el lugar donde me estoy hospedando? Casa\/Hotel?  <\/div><\/span>\n\t\t\t\t\t\t\t<span class='e-n-accordion-item-title-icon'>\n\t\t\t<span class='e-opened' ><svg aria-hidden=\"true\" class=\"e-font-icon-svg e-fas-minus\" viewBox=\"0 0 448 512\" xmlns=\"http:\/\/www.w3.org\/2000\/svg\"><path d=\"M416 208H32c-17.67 0-32 14.33-32 32v32c0 17.67 14.33 32 32 32h384c17.67 0 32-14.33 32-32v-32c0-17.67-14.33-32-32-32z\"><\/path><\/svg><\/span>\n\t\t\t<span class='e-closed'><svg aria-hidden=\"true\" class=\"e-font-icon-svg e-fas-plus\" viewBox=\"0 0 448 512\" xmlns=\"http:\/\/www.w3.org\/2000\/svg\"><path d=\"M416 208H272V64c0-17.67-14.33-32-32-32h-32c-17.67 0-32 14.33-32 32v144H32c-17.67 0-32 14.33-32 32v32c0 17.67 14.33 32 32 32h144v144c0 17.67 14.33 32 32 32h32c17.67 0 32-14.33 32-32V304h144c17.67 0 32-14.33 32-32v-32c0-17.67-14.33-32-32-32z\"><\/path><\/svg><\/span>\n\t\t<\/span>\n\n\t\t\t\t\t\t<\/summary>\n\t\t\t\t<div role=\"region\" aria-labelledby=\"e-n-accordion-item-2821\" class=\"elementor-element elementor-element-c406929 e-con-full e-flex e-con e-child\" data-id=\"c406929\" data-element_type=\"container\" data-e-type=\"container\">\n\t\t\t\t<div class=\"elementor-element elementor-element-2ec73dd elementor-widget elementor-widget-text-editor\" data-id=\"2ec73dd\" data-element_type=\"widget\" data-e-type=\"widget\" data-widget_type=\"text-editor.default\">\n\t\t\t\t<div class=\"elementor-widget-container\">\n\t\t\t\t\t\t\t\t\t<p data-start=\"0\" data-end=\"302\">S\u00ed, una vez realizada tu reserva, no olvides proporcionar los detalles de tu alojamiento para que podamos entreg\u00e1rtelo de manera r\u00e1pida y segura. Los hoteles nos permiten dejar el cochecito en la recepci\u00f3n para ti, y tambi\u00e9n puedes dejarlo all\u00ed en el d\u00eda de la entrega, lo que te ofrece flexibilidad con el horario. <\/p><p data-start=\"304\" data-end=\"446\">En algunos hoteles de Disney, no se permite dejar el cochecito en el \u00e1rea designada, por lo que recomendamos programar una entrega de mano a mano.<\/p><p data-start=\"448\" data-end=\"592\" data-is-last-node=\"\">Para estancias en casas de vacaciones, entregamos directamente en la puerta, de acuerdo con las normas de cada propiedad. Es posible que necesitemos el c\u00f3digo de la puerta para acceder al \u00e1rea. <br><br>\u00bfHacen entregas en mi alojamiento? &#8211;  <\/p><p>S\u00ed, una vez que tu reserva sea realizada, no olvides registrar el lugar de tu alojamiento con todos los detalles e informaci\u00f3n para que podamos entregarlo con agilidad y seguridad. Los hoteles nos permiten dejarlo en la recepci\u00f3n para ti, y tambi\u00e9n puedes dejarlo all\u00ed el d\u00eda de la entrega, lo que facilita la flexibilidad en el horario. <br><br>En algunos hoteles de Disney no se permite dejar el cochecito en el \u00e1rea designada, por lo que recomendamos agendar un horario para la entrega en mano.<br><br>En caso de estancias en casas de temporada, dejamos el cochecito en la puerta de la casa, de acuerdo con las reglas de cada condominio. Es posible que necesitemos el c\u00f3digo de la puerta para acceder. <\/p>\t\t\t\t\t\t\t\t<\/div>\n\t\t\t\t<\/div>\n\t\t\t\t<\/div>\n\t\t\t\t\t<\/details>\n\t\t\t\t\t\t<details id=\"e-n-accordion-item-2822\" class=\"e-n-accordion-item\" >\n\t\t\t\t<summary class=\"e-n-accordion-item-title\" data-accordion-index=\"3\" tabindex=\"-1\" aria-expanded=\"false\" aria-controls=\"e-n-accordion-item-2822\" >\n\t\t\t\t\t<span class='e-n-accordion-item-title-header'><div class=\"e-n-accordion-item-title-text\"> \u00bfPuedo elegir la hora de entrega y recogida?Can I choose the delivery and pickup time? <\/div><\/span>\n\t\t\t\t\t\t\t<span class='e-n-accordion-item-title-icon'>\n\t\t\t<span class='e-opened' ><svg aria-hidden=\"true\" class=\"e-font-icon-svg e-fas-minus\" viewBox=\"0 0 448 512\" xmlns=\"http:\/\/www.w3.org\/2000\/svg\"><path d=\"M416 208H32c-17.67 0-32 14.33-32 32v32c0 17.67 14.33 32 32 32h384c17.67 0 32-14.33 32-32v-32c0-17.67-14.33-32-32-32z\"><\/path><\/svg><\/span>\n\t\t\t<span class='e-closed'><svg aria-hidden=\"true\" class=\"e-font-icon-svg e-fas-plus\" viewBox=\"0 0 448 512\" xmlns=\"http:\/\/www.w3.org\/2000\/svg\"><path d=\"M416 208H272V64c0-17.67-14.33-32-32-32h-32c-17.67 0-32 14.33-32 32v144H32c-17.67 0-32 14.33-32 32v32c0 17.67 14.33 32 32 32h144v144c0 17.67 14.33 32 32 32h32c17.67 0 32-14.33 32-32V304h144c17.67 0 32-14.33 32-32v-32c0-17.67-14.33-32-32-32z\"><\/path><\/svg><\/span>\n\t\t<\/span>\n\n\t\t\t\t\t\t<\/summary>\n\t\t\t\t<div role=\"region\" aria-labelledby=\"e-n-accordion-item-2822\" class=\"elementor-element elementor-element-bb09af6 e-con-full e-flex e-con e-child\" data-id=\"bb09af6\" data-element_type=\"container\" data-e-type=\"container\">\n\t\t\t\t<div class=\"elementor-element elementor-element-77ae157 elementor-widget elementor-widget-text-editor\" data-id=\"77ae157\" data-element_type=\"widget\" data-e-type=\"widget\" data-widget_type=\"text-editor.default\">\n\t\t\t\t<div class=\"elementor-widget-container\">\n\t\t\t\t\t\t\t\t\t<p data-start=\"0\" data-end=\"219\">Nuestros horarios de entrega y recogida son est\u00e1ndar, ya que seguimos los horarios de check-in y check-out en los alojamientos. Realizamos las entregas todos los d\u00edas alrededor de las 12 PM y la recogida a las 10 AM. <\/p><p data-start=\"221\" data-end=\"663\" data-is-last-node=\"\">Si deseas elegir un horario espec\u00edfico de entrega y recogida, por favor informa a nuestro equipo durante el proceso de reserva sobre el horario m\u00e1s conveniente para ti. Se cobrar\u00e1 una tarifa por la entrega personalizada.  Trabajaremos contigo para proporcionar la log\u00edstica necesaria y ajustar los t\u00e9rminos del alquiler en consecuencia. Ten en cuenta que la disponibilidad del producto puede variar, por lo que es mejor notificarnos lo antes posible para asegurar la disponibilidad continua del producto que necesitas.<br><br><\/p><p> \u00bfPuedo elegir el horario de entrega y recogida? &#8211;  <br><br>Nuestro horario de entrega y recogida es est\u00e1ndar, ya que seguimos los horarios de check-in y check-out de los alojamientos. Sendo assim, entregamos todos os dias aproximadamente \u00e0s 12h e retiramos sempre \u00e0s 10h.<br><br>Para elegir el horario de entrega y recogida, es necesario informar a nuestro equipo durante el contacto el horario m\u00e1s conveniente para ti. Se cobra una tarifa por las entregas personalizadas. Trabajaremos contigo para proporcionar la log\u00edstica necesaria y ajustar los t\u00e9rminos del alquiler en consecuencia. Ten en cuenta que la disponibilidad del producto puede variar, por lo que es una buena pr\u00e1ctica notificarnos lo antes posible para garantizar la disponibilidad continua del producto que necesitas.<\/p>\t\t\t\t\t\t\t\t<\/div>\n\t\t\t\t<\/div>\n\t\t\t\t<\/div>\n\t\t\t\t\t<\/details>\n\t\t\t\t\t\t<details id=\"e-n-accordion-item-2823\" class=\"e-n-accordion-item\" >\n\t\t\t\t<summary class=\"e-n-accordion-item-title\" data-accordion-index=\"4\" tabindex=\"-1\" aria-expanded=\"false\" aria-controls=\"e-n-accordion-item-2823\" >\n\t\t\t\t\t<span class='e-n-accordion-item-title-header'><div class=\"e-n-accordion-item-title-text\"> \u00bfQu\u00e9 precauciones debo tomar en caso de lluvia?What precautions should I take in case of rain? <\/div><\/span>\n\t\t\t\t\t\t\t<span class='e-n-accordion-item-title-icon'>\n\t\t\t<span class='e-opened' ><svg aria-hidden=\"true\" class=\"e-font-icon-svg e-fas-minus\" viewBox=\"0 0 448 512\" xmlns=\"http:\/\/www.w3.org\/2000\/svg\"><path d=\"M416 208H32c-17.67 0-32 14.33-32 32v32c0 17.67 14.33 32 32 32h384c17.67 0 32-14.33 32-32v-32c0-17.67-14.33-32-32-32z\"><\/path><\/svg><\/span>\n\t\t\t<span class='e-closed'><svg aria-hidden=\"true\" class=\"e-font-icon-svg e-fas-plus\" viewBox=\"0 0 448 512\" xmlns=\"http:\/\/www.w3.org\/2000\/svg\"><path d=\"M416 208H272V64c0-17.67-14.33-32-32-32h-32c-17.67 0-32 14.33-32 32v144H32c-17.67 0-32 14.33-32 32v32c0 17.67 14.33 32 32 32h144v144c0 17.67 14.33 32 32 32h32c17.67 0 32-14.33 32-32V304h144c17.67 0 32-14.33 32-32v-32c0-17.67-14.33-32-32-32z\"><\/path><\/svg><\/span>\n\t\t<\/span>\n\n\t\t\t\t\t\t<\/summary>\n\t\t\t\t<div role=\"region\" aria-labelledby=\"e-n-accordion-item-2823\" class=\"elementor-element elementor-element-f4b68a0 e-con-full e-flex e-con e-child\" data-id=\"f4b68a0\" data-element_type=\"container\" data-e-type=\"container\">\n\t\t\t\t<div class=\"elementor-element elementor-element-7bdf1f3 elementor-widget elementor-widget-text-editor\" data-id=\"7bdf1f3\" data-element_type=\"widget\" data-e-type=\"widget\" data-widget_type=\"text-editor.default\">\n\t\t\t\t<div class=\"elementor-widget-container\">\n\t\t\t\t\t\t\t\t\t<p>Alquilamos capas de lluvia a un precio fijo por todo el per\u00edodo de alquiler. Florida es conocida por sus lluvias repentinas. En caso de lluvia ligera, recomendamos usar la capa de lluvia. En caso de lluvia intensa, sugerimos estacionar en un \u00e1rea cubierta y seca hasta que pase la lluvia, especialmente para las scooters, ya que no se pueden utilizar en \u00e1reas mojadas debido a la bater\u00eda.<\/p><p>\u00bfQu\u00e9 cuidados debo tener en caso de lluvias?<\/p><p>Alquilamos capas de lluvia a un precio fijo por todo el per\u00edodo de alquiler. Florida tiene lluvias repentinas. En caso de lluvias leves, recomendamos el uso de la capa de lluvia. En caso de lluvias fuertes, recomendamos estacionar en un lugar cubierto y seco hasta que pase la lluvia, especialmente las scooters, que no pueden circular en lugares mojados debido a la bater\u00eda.<\/p>\t\t\t\t\t\t\t\t<\/div>\n\t\t\t\t<\/div>\n\t\t\t\t<\/div>\n\t\t\t\t\t<\/details>\n\t\t\t\t\t\t<details id=\"e-n-accordion-item-2824\" class=\"e-n-accordion-item\" >\n\t\t\t\t<summary class=\"e-n-accordion-item-title\" data-accordion-index=\"5\" tabindex=\"-1\" aria-expanded=\"false\" aria-controls=\"e-n-accordion-item-2824\" >\n\t\t\t\t\t<span class='e-n-accordion-item-title-header'><div class=\"e-n-accordion-item-title-text\"> \u00bfEs obligatorio el seguro?Is insurance mandatory? <\/div><\/span>\n\t\t\t\t\t\t\t<span class='e-n-accordion-item-title-icon'>\n\t\t\t<span class='e-opened' ><svg aria-hidden=\"true\" class=\"e-font-icon-svg e-fas-minus\" viewBox=\"0 0 448 512\" xmlns=\"http:\/\/www.w3.org\/2000\/svg\"><path d=\"M416 208H32c-17.67 0-32 14.33-32 32v32c0 17.67 14.33 32 32 32h384c17.67 0 32-14.33 32-32v-32c0-17.67-14.33-32-32-32z\"><\/path><\/svg><\/span>\n\t\t\t<span class='e-closed'><svg aria-hidden=\"true\" class=\"e-font-icon-svg e-fas-plus\" viewBox=\"0 0 448 512\" xmlns=\"http:\/\/www.w3.org\/2000\/svg\"><path d=\"M416 208H272V64c0-17.67-14.33-32-32-32h-32c-17.67 0-32 14.33-32 32v144H32c-17.67 0-32 14.33-32 32v32c0 17.67 14.33 32 32 32h144v144c0 17.67 14.33 32 32 32h32c17.67 0 32-14.33 32-32V304h144c17.67 0 32-14.33 32-32v-32c0-17.67-14.33-32-32-32z\"><\/path><\/svg><\/span>\n\t\t<\/span>\n\n\t\t\t\t\t\t<\/summary>\n\t\t\t\t<div role=\"region\" aria-labelledby=\"e-n-accordion-item-2824\" class=\"elementor-element elementor-element-87b4dae e-con-full e-flex e-con e-child\" data-id=\"87b4dae\" data-element_type=\"container\" data-e-type=\"container\">\n\t\t\t\t<div class=\"elementor-element elementor-element-d83b8df elementor-widget elementor-widget-text-editor\" data-id=\"d83b8df\" data-element_type=\"widget\" data-e-type=\"widget\" data-widget_type=\"text-editor.default\">\n\t\t\t\t<div class=\"elementor-widget-container\">\n\t\t\t\t\t\t\t\t\t<p>Nuestro seguro no es obligatorio, pero es altamente recomendado, especialmente para las scooters, que son equipos costosos y requieren cuidados especiales.<br><br>\u00bfEs obligatorio el seguro? &#8211;  <br><br>Nuestro seguro no es obligatorio, pero es altamente recomendado, especialmente para las scooters, que son equipos extremadamente costosos y requieren cuidados especiales.<\/p>\t\t\t\t\t\t\t\t<\/div>\n\t\t\t\t<\/div>\n\t\t\t\t<\/div>\n\t\t\t\t\t<\/details>\n\t\t\t\t\t<\/div>\n\t\t\t\t\t\t<\/div>\n\t\t\t\t<\/div>\n\t\t\t\t\t<\/div>\n\t\t\t\t<\/div>\n\t\t\t\t<\/div>\n\t\t","protected":false},"excerpt":{"rendered":"<p>Preguntas Frecuentes \u00bfC\u00f3mo alquilar con Lin Rentals?How to Rent with Lin Rentals? \u00a1A trav\u00e9s de nuestro sistema de reservas en l\u00ednea en nuestro sitio web o por WhatsApp, puedes verificar la disponibilidad del producto que necesitas para tus fechas de viaje! Asegura tu alquiler con antelaci\u00f3n. Para solicitudes urgentes, por favor cont\u00e1ctanos en linrentalseua@gmail.com. \u00bfC\u00f3mo [&hellip;]<\/p>\n","protected":false},"author":1,"featured_media":1342,"parent":0,"menu_order":0,"comment_status":"closed","ping_status":"closed","template":"","meta":{"footnotes":""},"class_list":["post-1116","page","type-page","status-publish","has-post-thumbnail","hentry"],"yoast_head":"<!-- This site is optimized with the Yoast SEO plugin v27.3 - https:\/\/yoast.com\/product\/yoast-seo-wordpress\/ -->\n<title>FAQs - Lin Rentals<\/title>\n<meta name=\"robots\" content=\"index, follow, max-snippet:-1, max-image-preview:large, max-video-preview:-1\" \/>\n<link rel=\"canonical\" href=\"https:\/\/lin.rentals\/faqs\/\" \/>\n<meta property=\"og:locale\" content=\"en_US\" \/>\n<meta property=\"og:type\" content=\"article\" \/>\n<meta property=\"og:title\" content=\"FAQs - Lin Rentals\" \/>\n<meta property=\"og:description\" content=\"Preguntas Frecuentes \u00bfC\u00f3mo alquilar con Lin Rentals?How to Rent with Lin Rentals? \u00a1A trav\u00e9s de nuestro sistema de reservas en l\u00ednea en nuestro sitio web o por WhatsApp, puedes verificar la disponibilidad del producto que necesitas para tus fechas de viaje! Asegura tu alquiler con antelaci\u00f3n. Para solicitudes urgentes, por favor cont\u00e1ctanos en linrentalseua@gmail.com. \u00bfC\u00f3mo [&hellip;]\" \/>\n<meta property=\"og:url\" content=\"https:\/\/lin.rentals\/faqs\/\" \/>\n<meta property=\"og:site_name\" content=\"Lin Rentals\" \/>\n<meta property=\"article:modified_time\" content=\"2025-05-28T17:15:29+00:00\" \/>\n<meta property=\"og:image\" content=\"https:\/\/lin.rentals\/wp-content\/uploads\/2025\/06\/Lin-Rentals-FAQs.png\" \/>\n\t<meta property=\"og:image:width\" content=\"512\" \/>\n\t<meta property=\"og:image:height\" content=\"512\" \/>\n\t<meta property=\"og:image:type\" content=\"image\/png\" \/>\n<meta name=\"twitter:card\" content=\"summary_large_image\" \/>\n<meta name=\"twitter:label1\" content=\"Est. reading time\" \/>\n\t<meta name=\"twitter:data1\" content=\"8 minutes\" \/>\n<script type=\"application\/ld+json\" class=\"yoast-schema-graph\">{\"@context\":\"https:\\\/\\\/schema.org\",\"@graph\":[{\"@type\":\"WebPage\",\"@id\":\"https:\\\/\\\/lin.rentals\\\/faqs\\\/\",\"url\":\"https:\\\/\\\/lin.rentals\\\/faqs\\\/\",\"name\":\"FAQs - Lin Rentals\",\"isPartOf\":{\"@id\":\"https:\\\/\\\/lin.rentals\\\/#website\"},\"primaryImageOfPage\":{\"@id\":\"https:\\\/\\\/lin.rentals\\\/faqs\\\/#primaryimage\"},\"image\":{\"@id\":\"https:\\\/\\\/lin.rentals\\\/faqs\\\/#primaryimage\"},\"thumbnailUrl\":\"https:\\\/\\\/lin.rentals\\\/wp-content\\\/uploads\\\/2025\\\/06\\\/Lin-Rentals-FAQs.png\",\"datePublished\":\"2025-04-29T18:47:05+00:00\",\"dateModified\":\"2025-05-28T17:15:29+00:00\",\"breadcrumb\":{\"@id\":\"https:\\\/\\\/lin.rentals\\\/faqs\\\/#breadcrumb\"},\"inLanguage\":\"\u00e9-ES\",\"potentialAction\":[{\"@type\":\"ReadAction\",\"target\":[\"https:\\\/\\\/lin.rentals\\\/faqs\\\/\"]}]},{\"@type\":\"ImageObject\",\"inLanguage\":\"\u00e9-ES\",\"@id\":\"https:\\\/\\\/lin.rentals\\\/faqs\\\/#primaryimage\",\"url\":\"https:\\\/\\\/lin.rentals\\\/wp-content\\\/uploads\\\/2025\\\/06\\\/Lin-Rentals-FAQs.png\",\"contentUrl\":\"https:\\\/\\\/lin.rentals\\\/wp-content\\\/uploads\\\/2025\\\/06\\\/Lin-Rentals-FAQs.png\",\"width\":512,\"height\":512,\"caption\":\"FAQs Lin Rentals\"},{\"@type\":\"BreadcrumbList\",\"@id\":\"https:\\\/\\\/lin.rentals\\\/faqs\\\/#breadcrumb\",\"itemListElement\":[{\"@type\":\"ListItem\",\"position\":1,\"name\":\"Home\",\"item\":\"https:\\\/\\\/lin.rentals\\\/es\\\/\"},{\"@type\":\"ListItem\",\"position\":2,\"name\":\"FAQs\"}]},{\"@type\":\"WebSite\",\"@id\":\"https:\\\/\\\/lin.rentals\\\/#website\",\"url\":\"https:\\\/\\\/lin.rentals\\\/\",\"name\":\"Lin Rentals\",\"description\":\"Alugue seu carrinho agora!\",\"potentialAction\":[{\"@type\":\"SearchAction\",\"target\":{\"@type\":\"EntryPoint\",\"urlTemplate\":\"https:\\\/\\\/lin.rentals\\\/?s={search_term_string}\"},\"query-input\":{\"@type\":\"PropertyValueSpecification\",\"valueRequired\":true,\"valueName\":\"search_term_string\"}}],\"inLanguage\":\"\u00e9-ES\"}]}<\/script>\n<!-- \/ Yoast SEO plugin. -->","yoast_head_json":{"title":"FAQs - Lin Rentals","robots":{"index":"index","follow":"follow","max-snippet":"max-snippet:-1","max-image-preview":"max-image-preview:large","max-video-preview":"max-video-preview:-1"},"canonical":"https:\/\/lin.rentals\/faqs\/","og_locale":"en_US","og_type":"article","og_title":"FAQs - Lin Rentals","og_description":"Preguntas Frecuentes \u00bfC\u00f3mo alquilar con Lin Rentals?How to Rent with Lin Rentals? \u00a1A trav\u00e9s de nuestro sistema de reservas en l\u00ednea en nuestro sitio web o por WhatsApp, puedes verificar la disponibilidad del producto que necesitas para tus fechas de viaje! Asegura tu alquiler con antelaci\u00f3n. Para solicitudes urgentes, por favor cont\u00e1ctanos en linrentalseua@gmail.com. \u00bfC\u00f3mo [&hellip;]","og_url":"https:\/\/lin.rentals\/faqs\/","og_site_name":"Lin Rentals","article_modified_time":"2025-05-28T17:15:29+00:00","og_image":[{"width":512,"height":512,"url":"https:\/\/lin.rentals\/wp-content\/uploads\/2025\/06\/Lin-Rentals-FAQs.png","type":"image\/png"}],"twitter_card":"summary_large_image","twitter_misc":{"Est. reading time":"8 minutes"},"schema":{"@context":"https:\/\/schema.org","@graph":[{"@type":"WebPage","@id":"https:\/\/lin.rentals\/faqs\/","url":"https:\/\/lin.rentals\/faqs\/","name":"FAQs - Lin Rentals","isPartOf":{"@id":"https:\/\/lin.rentals\/#website"},"primaryImageOfPage":{"@id":"https:\/\/lin.rentals\/faqs\/#primaryimage"},"image":{"@id":"https:\/\/lin.rentals\/faqs\/#primaryimage"},"thumbnailUrl":"https:\/\/lin.rentals\/wp-content\/uploads\/2025\/06\/Lin-Rentals-FAQs.png","datePublished":"2025-04-29T18:47:05+00:00","dateModified":"2025-05-28T17:15:29+00:00","breadcrumb":{"@id":"https:\/\/lin.rentals\/faqs\/#breadcrumb"},"inLanguage":"\u00e9-ES","potentialAction":[{"@type":"ReadAction","target":["https:\/\/lin.rentals\/faqs\/"]}]},{"@type":"ImageObject","inLanguage":"\u00e9-ES","@id":"https:\/\/lin.rentals\/faqs\/#primaryimage","url":"https:\/\/lin.rentals\/wp-content\/uploads\/2025\/06\/Lin-Rentals-FAQs.png","contentUrl":"https:\/\/lin.rentals\/wp-content\/uploads\/2025\/06\/Lin-Rentals-FAQs.png","width":512,"height":512,"caption":"FAQs Lin Rentals"},{"@type":"BreadcrumbList","@id":"https:\/\/lin.rentals\/faqs\/#breadcrumb","itemListElement":[{"@type":"ListItem","position":1,"name":"Home","item":"https:\/\/lin.rentals\/es\/"},{"@type":"ListItem","position":2,"name":"FAQs"}]},{"@type":"WebSite","@id":"https:\/\/lin.rentals\/#website","url":"https:\/\/lin.rentals\/","name":"Lin Rentals","description":"Alugue seu carrinho agora!","potentialAction":[{"@type":"SearchAction","target":{"@type":"EntryPoint","urlTemplate":"https:\/\/lin.rentals\/?s={search_term_string}"},"query-input":{"@type":"PropertyValueSpecification","valueRequired":true,"valueName":"search_term_string"}}],"inLanguage":"\u00e9-ES"}]}},"_links":{"self":[{"href":"https:\/\/lin.rentals\/es\/wp-json\/wp\/v2\/pages\/1116","targetHints":{"allow":["GET"]}}],"collection":[{"href":"https:\/\/lin.rentals\/es\/wp-json\/wp\/v2\/pages"}],"about":[{"href":"https:\/\/lin.rentals\/es\/wp-json\/wp\/v2\/types\/page"}],"author":[{"embeddable":true,"href":"https:\/\/lin.rentals\/es\/wp-json\/wp\/v2\/users\/1"}],"replies":[{"embeddable":true,"href":"https:\/\/lin.rentals\/es\/wp-json\/wp\/v2\/comments?post=1116"}],"version-history":[{"count":1,"href":"https:\/\/lin.rentals\/es\/wp-json\/wp\/v2\/pages\/1116\/revisions"}],"predecessor-version":[{"id":1117,"href":"https:\/\/lin.rentals\/es\/wp-json\/wp\/v2\/pages\/1116\/revisions\/1117"}],"wp:featuredmedia":[{"embeddable":true,"href":"https:\/\/lin.rentals\/es\/wp-json\/wp\/v2\/media\/1342"}],"wp:attachment":[{"href":"https:\/\/lin.rentals\/es\/wp-json\/wp\/v2\/media?parent=1116"}],"curies":[{"name":"wp","href":"https:\/\/api.w.org\/{rel}","templated":true}]}}