{"id":1114,"date":"2025-05-08T14:34:01","date_gmt":"2025-05-08T14:34:01","guid":{"rendered":"https:\/\/novo.linrentals.com.br\/terminos-de-uso\/"},"modified":"2025-06-10T17:32:45","modified_gmt":"2025-06-10T17:32:45","slug":"terminos-de-uso","status":"publish","type":"page","link":"https:\/\/lin.rentals\/es\/terminos-de-uso\/","title":{"rendered":"T\u00e9rminos de Uso"},"content":{"rendered":"\n<p>Bienvenido al sitio web de Lin Rentals!<\/p>\n\n<p>Estos T\u00e9rminos de Uso rigen su acceso y uso de nuestro sitio y todos los servicios vinculados a \u00e9l. Al acceder o navegar por este sitio, usted acepta cumplir con estos t\u00e9rminos y todas las leyes y regulaciones aplicables. Por favor, lea cuidadosamente antes de interactuar con nuestra plataforma.<\/p>\n\n<p>Uso del Sitio<br\/>Este sitio existe para proporcionar informaci\u00f3n y facilitar el acceso a los servicios ofrecidos por Lin Rentals, incluidos los alquileres de cochecitos en Orlando.<br\/>La reproducci\u00f3n, modificaci\u00f3n, distribuci\u00f3n o uso indebido de cualquier contenido del sitio est\u00e1 estrictamente prohibido sin el permiso previo por escrito.<\/p>\n\n<p>Cuenta de Usuario<br\/>Algunas funciones pueden requerir la creaci\u00f3n de una cuenta o la presentaci\u00f3n de datos personales. Algunas funciones pueden requerir la creaci\u00f3n de una cuenta o la presentaci\u00f3n de datos personales.<br\/>Usted es el \u00fanico responsable de mantener la confidencialidad de sus credenciales de cuenta y de todas las actividades realizadas bajo su cuenta.<br\/>Si sospecha de un uso no autorizado, p\u00f3ngase en contacto con Lin Rentals inmediatamente para que podamos tomar las medidas adecuadas.<\/p>\n\n<p>Comentarios y Contribuciones<br\/>Cualquier contenido enviado por los usuarios (por ejemplo, comentarios, testimonios, rese\u00f1as) debe cumplir con los est\u00e1ndares legales y \u00e9ticos. Lin Rentals se reserva el derecho de eliminar cualquier material que se considere ofensivo, inapropiado o en violaci\u00f3n de estos t\u00e9rminos.<\/p>\n\n<p>Limitaci\u00f3n de Responsabilidad<br\/>Nos esforzamos por mantener el sitio actualizado, funcional y seguro. Sin embargo, no somos responsables de ninguna p\u00e9rdida, da\u00f1o o interrupci\u00f3n resultante de fallos t\u00e9cnicos, mal uso o la falta de disponibilidad del sitio. Todo el contenido se proporciona &#8220;tal cual&#8221;, sin garant\u00edas expresas o impl\u00edcitas.<\/p>\n\n<p>Cambios en los T\u00e9rminos<br\/>Lin Rentals puede actualizar estos T\u00e9rminos de Uso en cualquier momento seg\u00fan sea necesario. Recomendamos revisar esta p\u00e1gina peri\u00f3dicamente para mantenerse informado sobre cualquier cambio.<\/p>\n\n<p>Cont\u00e1ctanos<br\/>Si tienes preguntas sobre estos t\u00e9rminos, el uso del sitio o nuestra Pol\u00edtica de Privacidad, por favor cont\u00e1ctanos:<\/p>\n\n<p>Lin Rentals<br\/>\ud83d\udce7 linrentalseua@gmail.com<\/p>\n\n<p><\/p>\n","protected":false},"excerpt":{"rendered":"<p>Bienvenido al sitio web de Lin Rentals! Estos T\u00e9rminos de Uso rigen su acceso y uso de nuestro sitio y todos los servicios vinculados a \u00e9l. Al acceder o navegar por este sitio, usted acepta cumplir con estos t\u00e9rminos y todas las leyes y regulaciones aplicables. Por favor, lea cuidadosamente antes de interactuar con nuestra [&hellip;]<\/p>\n","protected":false},"author":1,"featured_media":1360,"parent":0,"menu_order":0,"comment_status":"closed","ping_status":"closed","template":"","meta":{"footnotes":""},"class_list":["post-1114","page","type-page","status-publish","has-post-thumbnail","hentry"],"yoast_head":"<!-- This site is optimized with the Yoast SEO plugin v27.3 - https:\/\/yoast.com\/product\/yoast-seo-wordpress\/ -->\n<title>T\u00e9rminos de Uso - Lin Rentals<\/title>\n<meta name=\"robots\" content=\"index, follow, max-snippet:-1, max-image-preview:large, max-video-preview:-1\" \/>\n<link rel=\"canonical\" href=\"https:\/\/lin.rentals\/terms-of-use\/\" \/>\n<meta property=\"og:locale\" content=\"en_US\" \/>\n<meta property=\"og:type\" content=\"article\" \/>\n<meta property=\"og:title\" content=\"T\u00e9rminos de Uso - Lin Rentals\" \/>\n<meta property=\"og:description\" content=\"Bienvenido al sitio web de Lin Rentals! Estos T\u00e9rminos de Uso rigen su acceso y uso de nuestro sitio y todos los servicios vinculados a \u00e9l. Al acceder o navegar por este sitio, usted acepta cumplir con estos t\u00e9rminos y todas las leyes y regulaciones aplicables. Por favor, lea cuidadosamente antes de interactuar con nuestra [&hellip;]\" \/>\n<meta property=\"og:url\" content=\"https:\/\/lin.rentals\/terms-of-use\/\" \/>\n<meta property=\"og:site_name\" content=\"Lin Rentals\" \/>\n<meta property=\"article:modified_time\" content=\"2025-06-10T17:32:45+00:00\" \/>\n<meta property=\"og:image\" content=\"https:\/\/lin.rentals\/wp-content\/uploads\/2025\/06\/Lin-Rentals-Rental-Terms-Conditions-2.png\" \/>\n\t<meta property=\"og:image:width\" content=\"512\" \/>\n\t<meta property=\"og:image:height\" content=\"512\" \/>\n\t<meta property=\"og:image:type\" content=\"image\/png\" \/>\n<meta name=\"twitter:card\" content=\"summary_large_image\" \/>\n<meta name=\"twitter:label1\" content=\"Est. reading time\" \/>\n\t<meta name=\"twitter:data1\" content=\"2 minutes\" \/>\n<script type=\"application\/ld+json\" class=\"yoast-schema-graph\">{\"@context\":\"https:\\\/\\\/schema.org\",\"@graph\":[{\"@type\":\"WebPage\",\"@id\":\"https:\\\/\\\/lin.rentals\\\/terms-of-use\\\/\",\"url\":\"https:\\\/\\\/lin.rentals\\\/terms-of-use\\\/\",\"name\":\"T\u00e9rminos de Uso - Lin Rentals\",\"isPartOf\":{\"@id\":\"https:\\\/\\\/lin.rentals\\\/#website\"},\"primaryImageOfPage\":{\"@id\":\"https:\\\/\\\/lin.rentals\\\/terms-of-use\\\/#primaryimage\"},\"image\":{\"@id\":\"https:\\\/\\\/lin.rentals\\\/terms-of-use\\\/#primaryimage\"},\"thumbnailUrl\":\"https:\\\/\\\/lin.rentals\\\/wp-content\\\/uploads\\\/2025\\\/06\\\/Lin-Rentals-Rental-Terms-Conditions-2.png\",\"datePublished\":\"2025-05-08T14:34:01+00:00\",\"dateModified\":\"2025-06-10T17:32:45+00:00\",\"breadcrumb\":{\"@id\":\"https:\\\/\\\/lin.rentals\\\/terms-of-use\\\/#breadcrumb\"},\"inLanguage\":\"\u00e9-ES\",\"potentialAction\":[{\"@type\":\"ReadAction\",\"target\":[\"https:\\\/\\\/lin.rentals\\\/terms-of-use\\\/\"]}]},{\"@type\":\"ImageObject\",\"inLanguage\":\"\u00e9-ES\",\"@id\":\"https:\\\/\\\/lin.rentals\\\/terms-of-use\\\/#primaryimage\",\"url\":\"https:\\\/\\\/lin.rentals\\\/wp-content\\\/uploads\\\/2025\\\/06\\\/Lin-Rentals-Rental-Terms-Conditions-2.png\",\"contentUrl\":\"https:\\\/\\\/lin.rentals\\\/wp-content\\\/uploads\\\/2025\\\/06\\\/Lin-Rentals-Rental-Terms-Conditions-2.png\",\"width\":512,\"height\":512,\"caption\":\"Terms of Use | Lin Rentals\"},{\"@type\":\"BreadcrumbList\",\"@id\":\"https:\\\/\\\/lin.rentals\\\/terms-of-use\\\/#breadcrumb\",\"itemListElement\":[{\"@type\":\"ListItem\",\"position\":1,\"name\":\"Home\",\"item\":\"https:\\\/\\\/lin.rentals\\\/es\\\/\"},{\"@type\":\"ListItem\",\"position\":2,\"name\":\"T\u00e9rminos de Uso\"}]},{\"@type\":\"WebSite\",\"@id\":\"https:\\\/\\\/lin.rentals\\\/#website\",\"url\":\"https:\\\/\\\/lin.rentals\\\/\",\"name\":\"Lin Rentals\",\"description\":\"Alugue seu carrinho agora!\",\"potentialAction\":[{\"@type\":\"SearchAction\",\"target\":{\"@type\":\"EntryPoint\",\"urlTemplate\":\"https:\\\/\\\/lin.rentals\\\/?s={search_term_string}\"},\"query-input\":{\"@type\":\"PropertyValueSpecification\",\"valueRequired\":true,\"valueName\":\"search_term_string\"}}],\"inLanguage\":\"\u00e9-ES\"}]}<\/script>\n<!-- \/ Yoast SEO plugin. -->","yoast_head_json":{"title":"T\u00e9rminos de Uso - Lin Rentals","robots":{"index":"index","follow":"follow","max-snippet":"max-snippet:-1","max-image-preview":"max-image-preview:large","max-video-preview":"max-video-preview:-1"},"canonical":"https:\/\/lin.rentals\/terms-of-use\/","og_locale":"en_US","og_type":"article","og_title":"T\u00e9rminos de Uso - Lin Rentals","og_description":"Bienvenido al sitio web de Lin Rentals! Estos T\u00e9rminos de Uso rigen su acceso y uso de nuestro sitio y todos los servicios vinculados a \u00e9l. Al acceder o navegar por este sitio, usted acepta cumplir con estos t\u00e9rminos y todas las leyes y regulaciones aplicables. Por favor, lea cuidadosamente antes de interactuar con nuestra [&hellip;]","og_url":"https:\/\/lin.rentals\/terms-of-use\/","og_site_name":"Lin Rentals","article_modified_time":"2025-06-10T17:32:45+00:00","og_image":[{"width":512,"height":512,"url":"https:\/\/lin.rentals\/wp-content\/uploads\/2025\/06\/Lin-Rentals-Rental-Terms-Conditions-2.png","type":"image\/png"}],"twitter_card":"summary_large_image","twitter_misc":{"Est. reading time":"2 minutes"},"schema":{"@context":"https:\/\/schema.org","@graph":[{"@type":"WebPage","@id":"https:\/\/lin.rentals\/terms-of-use\/","url":"https:\/\/lin.rentals\/terms-of-use\/","name":"T\u00e9rminos de Uso - Lin Rentals","isPartOf":{"@id":"https:\/\/lin.rentals\/#website"},"primaryImageOfPage":{"@id":"https:\/\/lin.rentals\/terms-of-use\/#primaryimage"},"image":{"@id":"https:\/\/lin.rentals\/terms-of-use\/#primaryimage"},"thumbnailUrl":"https:\/\/lin.rentals\/wp-content\/uploads\/2025\/06\/Lin-Rentals-Rental-Terms-Conditions-2.png","datePublished":"2025-05-08T14:34:01+00:00","dateModified":"2025-06-10T17:32:45+00:00","breadcrumb":{"@id":"https:\/\/lin.rentals\/terms-of-use\/#breadcrumb"},"inLanguage":"\u00e9-ES","potentialAction":[{"@type":"ReadAction","target":["https:\/\/lin.rentals\/terms-of-use\/"]}]},{"@type":"ImageObject","inLanguage":"\u00e9-ES","@id":"https:\/\/lin.rentals\/terms-of-use\/#primaryimage","url":"https:\/\/lin.rentals\/wp-content\/uploads\/2025\/06\/Lin-Rentals-Rental-Terms-Conditions-2.png","contentUrl":"https:\/\/lin.rentals\/wp-content\/uploads\/2025\/06\/Lin-Rentals-Rental-Terms-Conditions-2.png","width":512,"height":512,"caption":"Terms of Use | Lin Rentals"},{"@type":"BreadcrumbList","@id":"https:\/\/lin.rentals\/terms-of-use\/#breadcrumb","itemListElement":[{"@type":"ListItem","position":1,"name":"Home","item":"https:\/\/lin.rentals\/es\/"},{"@type":"ListItem","position":2,"name":"T\u00e9rminos de Uso"}]},{"@type":"WebSite","@id":"https:\/\/lin.rentals\/#website","url":"https:\/\/lin.rentals\/","name":"Lin Rentals","description":"Alugue seu carrinho agora!","potentialAction":[{"@type":"SearchAction","target":{"@type":"EntryPoint","urlTemplate":"https:\/\/lin.rentals\/?s={search_term_string}"},"query-input":{"@type":"PropertyValueSpecification","valueRequired":true,"valueName":"search_term_string"}}],"inLanguage":"\u00e9-ES"}]}},"_links":{"self":[{"href":"https:\/\/lin.rentals\/es\/wp-json\/wp\/v2\/pages\/1114","targetHints":{"allow":["GET"]}}],"collection":[{"href":"https:\/\/lin.rentals\/es\/wp-json\/wp\/v2\/pages"}],"about":[{"href":"https:\/\/lin.rentals\/es\/wp-json\/wp\/v2\/types\/page"}],"author":[{"embeddable":true,"href":"https:\/\/lin.rentals\/es\/wp-json\/wp\/v2\/users\/1"}],"replies":[{"embeddable":true,"href":"https:\/\/lin.rentals\/es\/wp-json\/wp\/v2\/comments?post=1114"}],"version-history":[{"count":1,"href":"https:\/\/lin.rentals\/es\/wp-json\/wp\/v2\/pages\/1114\/revisions"}],"predecessor-version":[{"id":1115,"href":"https:\/\/lin.rentals\/es\/wp-json\/wp\/v2\/pages\/1114\/revisions\/1115"}],"wp:featuredmedia":[{"embeddable":true,"href":"https:\/\/lin.rentals\/es\/wp-json\/wp\/v2\/media\/1360"}],"wp:attachment":[{"href":"https:\/\/lin.rentals\/es\/wp-json\/wp\/v2\/media?parent=1114"}],"curies":[{"name":"wp","href":"https:\/\/api.w.org\/{rel}","templated":true}]}}