{"id":1108,"date":"2025-05-28T14:01:12","date_gmt":"2025-05-28T14:01:12","guid":{"rendered":"https:\/\/novo.linrentals.com.br\/sobre-nosotros\/"},"modified":"2025-05-29T21:49:40","modified_gmt":"2025-05-29T21:49:40","slug":"sobre-nosotros","status":"publish","type":"page","link":"https:\/\/lin.rentals\/es\/sobre-nosotros\/","title":{"rendered":"Sobre Nosotros"},"content":{"rendered":"\t\t<div data-elementor-type=\"wp-page\" data-elementor-id=\"1108\" class=\"elementor elementor-1108 elementor-828\" data-elementor-post-type=\"page\">\n\t\t\t\t<div class=\"elementor-element elementor-element-7a63121 e-flex e-con-boxed e-con e-parent\" data-id=\"7a63121\" data-element_type=\"container\" data-e-type=\"container\">\n\t\t\t\t\t<div class=\"e-con-inner\">\n\t\t<div class=\"elementor-element elementor-element-3b9f3b7 e-con-full e-flex e-con e-child\" data-id=\"3b9f3b7\" data-element_type=\"container\" data-e-type=\"container\">\n\t\t\t\t<div class=\"elementor-element elementor-element-3c72ed08 elementor-widget elementor-widget-text-editor\" data-id=\"3c72ed08\" data-element_type=\"widget\" data-e-type=\"widget\" data-widget_type=\"text-editor.default\">\n\t\t\t\t<div class=\"elementor-widget-container\">\n\t\t\t\t\t\t\t\t\t\n<p>&#8220;Quienes cuidan de las familias tambi\u00e9n merecen ser cuidados.&#8221;<\/p>\n\n<p>Nuestro negocio naci\u00f3 del deseo de cambiar nuestras vidas y pasar m\u00e1s tiempo con nuestras propias familias. Hoy, tenemos el privilegio de ayudar a otras familias a hacer lo mismo durante sus vacaciones.<\/p>\n\n<p>Tras a\u00f1os trabajando en el sector del alquiler, decidimos iniciar una empresa con un prop\u00f3sito: proporcionar cochecitos de alta calidad con una entrega c\u00f3moda y un servicio al cliente realmente atento. Aqu\u00ed no hay un call center fr\u00edo ni burocracia: hablas directamente con la persona que puede hacer que las cosas sucedan.<\/p>\n\n<p>Sabemos lo intenso que puede ser viajar con ni\u00f1os, y estamos aqu\u00ed para hacer todo m\u00e1s liviano, seguro y c\u00f3modo. M\u00e1s que solo cochecitos, ofrecemos tranquilidad para que puedas concentrarte en lo que realmente importa: disfrutar del momento con tus seres queridos.<\/p>\n\n<p>Nuestra Misi\u00f3n<br>Entregar cochecitos bien mantenidos y c\u00f3modos, listos para simplificar tu rutina en Orlando, con un servicio c\u00e1lido, accesible y atento, porque cada detalle importa cuando se trata de cuidar de familias como la tuya.<\/p>\n\n<p>Nuestra Visi\u00f3n<br>Creemos que las vacaciones familiares se tratan de momentos especiales, no de log\u00edstica. Por eso nos esforzamos por ser el nombre l\u00edder en confianza, conveniencia y un servicio sincero. Queremos ser recordados no solo por nuestro producto, sino por la forma en que tratamos a cada cliente como \u00fanico.<\/p>\n\t\t\t\t\t\t\t\t<\/div>\n\t\t\t\t<\/div>\n\t\t<div class=\"elementor-element elementor-element-5c66bca e-con-full e-flex e-con e-child\" data-id=\"5c66bca\" data-element_type=\"container\" data-e-type=\"container\">\n\t\t<div class=\"elementor-element elementor-element-105cc8f e-con-full e-flex e-con e-child\" data-id=\"105cc8f\" data-element_type=\"container\" data-e-type=\"container\" data-settings=\"{&quot;background_background&quot;:&quot;classic&quot;}\">\n\t\t\t\t<div class=\"elementor-element elementor-element-d8af052 elementor-widget elementor-widget-heading\" data-id=\"d8af052\" data-element_type=\"widget\" data-e-type=\"widget\" data-widget_type=\"heading.default\">\n\t\t\t\t<div class=\"elementor-widget-container\">\n\t\t\t\t\t<h2 class=\"elementor-heading-title elementor-size-default\">Nuestra Misi\u00f3n<\/h2>\t\t\t\t<\/div>\n\t\t\t\t<\/div>\n\t\t\t\t<div class=\"elementor-element elementor-element-1806688 elementor-widget elementor-widget-text-editor\" data-id=\"1806688\" data-element_type=\"widget\" data-e-type=\"widget\" data-widget_type=\"text-editor.default\">\n\t\t\t\t<div class=\"elementor-widget-container\">\n\t\t\t\t\t\t\t\t\t<p>Entregar cochecitos bien mantenidos y c\u00f3modos, listos para simplificar tu rutina en Orlando, con un servicio c\u00e1lido, accesible y atento, porque cada detalle importa cuando se trata de cuidar a familias como la tuya.<\/p>\t\t\t\t\t\t\t\t<\/div>\n\t\t\t\t<\/div>\n\t\t\t\t<\/div>\n\t\t<div class=\"elementor-element elementor-element-8aaf086 e-con-full e-flex e-con e-child\" data-id=\"8aaf086\" data-element_type=\"container\" data-e-type=\"container\" data-settings=\"{&quot;background_background&quot;:&quot;classic&quot;}\">\n\t\t\t\t<div class=\"elementor-element elementor-element-dc14e02 elementor-widget elementor-widget-heading\" data-id=\"dc14e02\" data-element_type=\"widget\" data-e-type=\"widget\" data-widget_type=\"heading.default\">\n\t\t\t\t<div class=\"elementor-widget-container\">\n\t\t\t\t\t<h2 class=\"elementor-heading-title elementor-size-default\">Nuestra Visi\u00f3n<\/h2>\t\t\t\t<\/div>\n\t\t\t\t<\/div>\n\t\t\t\t<div class=\"elementor-element elementor-element-6850732 elementor-widget elementor-widget-text-editor\" data-id=\"6850732\" data-element_type=\"widget\" data-e-type=\"widget\" data-widget_type=\"text-editor.default\">\n\t\t\t\t<div class=\"elementor-widget-container\">\n\t\t\t\t\t\t\t\t\t<p>Creemos que las vacaciones familiares se tratan de momentos especiales, no de log\u00edstica. Por eso nos esforzamos por ser el nombre l\u00edder en confianza, conveniencia y un servicio sincero. Queremos ser recordados no solo por nuestro producto, sino por la forma en que tratamos a cada cliente como \u00fanico.<\/p>\t\t\t\t\t\t\t\t<\/div>\n\t\t\t\t<\/div>\n\t\t\t\t<\/div>\n\t\t\t\t<\/div>\n\t\t\t\t<\/div>\n\t\t<div class=\"elementor-element elementor-element-27ffccf e-con-full e-flex e-con e-child\" data-id=\"27ffccf\" data-element_type=\"container\" data-e-type=\"container\" data-settings=\"{&quot;background_background&quot;:&quot;classic&quot;}\">\n\t\t\t\t<div class=\"elementor-element elementor-element-3d7feb2 elementor-widget elementor-widget-image\" data-id=\"3d7feb2\" data-element_type=\"widget\" data-e-type=\"widget\" data-widget_type=\"image.default\">\n\t\t\t\t<div class=\"elementor-widget-container\">\n\t\t\t\t\t\t\t\t\t\t\t\t\t\t\t<img fetchpriority=\"high\" decoding=\"async\" width=\"512\" height=\"512\" src=\"https:\/\/lin.rentals\/wp-content\/uploads\/2025\/05\/Lin-Rentals-Vector.png\" class=\"attachment-full size-full wp-image-1177\" alt=\"About Us Lin Rentals\" srcset=\"https:\/\/lin.rentals\/wp-content\/uploads\/2025\/05\/Lin-Rentals-Vector.png 512w, https:\/\/lin.rentals\/wp-content\/uploads\/2025\/05\/Lin-Rentals-Vector-300x300.png 300w, https:\/\/lin.rentals\/wp-content\/uploads\/2025\/05\/Lin-Rentals-Vector-150x150.png 150w\" sizes=\"(max-width: 512px) 100vw, 512px\" \/>\t\t\t\t\t\t\t\t\t\t\t\t\t\t\t<\/div>\n\t\t\t\t<\/div>\n\t\t\t\t<\/div>\n\t\t\t\t\t<\/div>\n\t\t\t\t<\/div>\n\t\t\t\t<\/div>\n\t\t","protected":false},"excerpt":{"rendered":"<p>&#8220;Quienes cuidan de las familias tambi\u00e9n merecen ser cuidados.&#8221; Nuestro negocio naci\u00f3 del deseo de cambiar nuestras vidas y pasar m\u00e1s tiempo con nuestras propias familias. Hoy, tenemos el privilegio de ayudar a otras familias a hacer lo mismo durante sus vacaciones. Tras a\u00f1os trabajando en el sector del alquiler, decidimos iniciar una empresa con [&hellip;]<\/p>\n","protected":false},"author":1,"featured_media":1177,"parent":0,"menu_order":0,"comment_status":"closed","ping_status":"closed","template":"","meta":{"footnotes":""},"class_list":["post-1108","page","type-page","status-publish","has-post-thumbnail","hentry"],"yoast_head":"<!-- This site is optimized with the Yoast SEO plugin v27.3 - https:\/\/yoast.com\/product\/yoast-seo-wordpress\/ -->\n<title>Sobre Nosotros - Lin Rentals<\/title>\n<meta name=\"robots\" content=\"index, follow, max-snippet:-1, max-image-preview:large, max-video-preview:-1\" \/>\n<link rel=\"canonical\" href=\"https:\/\/lin.rentals\/about-us-2\/\" \/>\n<meta property=\"og:locale\" content=\"en_US\" \/>\n<meta property=\"og:type\" content=\"article\" \/>\n<meta property=\"og:title\" content=\"Sobre Nosotros - Lin Rentals\" \/>\n<meta property=\"og:description\" content=\"&#8220;Quienes cuidan de las familias tambi\u00e9n merecen ser cuidados.&#8221; Nuestro negocio naci\u00f3 del deseo de cambiar nuestras vidas y pasar m\u00e1s tiempo con nuestras propias familias. Hoy, tenemos el privilegio de ayudar a otras familias a hacer lo mismo durante sus vacaciones. Tras a\u00f1os trabajando en el sector del alquiler, decidimos iniciar una empresa con [&hellip;]\" \/>\n<meta property=\"og:url\" content=\"https:\/\/lin.rentals\/about-us-2\/\" \/>\n<meta property=\"og:site_name\" content=\"Lin Rentals\" \/>\n<meta property=\"article:modified_time\" content=\"2025-05-29T21:49:40+00:00\" \/>\n<meta property=\"og:image\" content=\"https:\/\/lin.rentals\/wp-content\/uploads\/2025\/05\/Lin-Rentals-Vector.png\" \/>\n\t<meta property=\"og:image:width\" content=\"512\" \/>\n\t<meta property=\"og:image:height\" content=\"512\" \/>\n\t<meta property=\"og:image:type\" content=\"image\/png\" \/>\n<meta name=\"twitter:card\" content=\"summary_large_image\" \/>\n<meta name=\"twitter:label1\" content=\"Est. reading time\" \/>\n\t<meta name=\"twitter:data1\" content=\"2 minutes\" \/>\n<script type=\"application\/ld+json\" class=\"yoast-schema-graph\">{\"@context\":\"https:\\\/\\\/schema.org\",\"@graph\":[{\"@type\":\"WebPage\",\"@id\":\"https:\\\/\\\/lin.rentals\\\/about-us-2\\\/\",\"url\":\"https:\\\/\\\/lin.rentals\\\/about-us-2\\\/\",\"name\":\"Sobre Nosotros - Lin Rentals\",\"isPartOf\":{\"@id\":\"https:\\\/\\\/lin.rentals\\\/#website\"},\"primaryImageOfPage\":{\"@id\":\"https:\\\/\\\/lin.rentals\\\/about-us-2\\\/#primaryimage\"},\"image\":{\"@id\":\"https:\\\/\\\/lin.rentals\\\/about-us-2\\\/#primaryimage\"},\"thumbnailUrl\":\"https:\\\/\\\/lin.rentals\\\/wp-content\\\/uploads\\\/2025\\\/05\\\/Lin-Rentals-Vector.png\",\"datePublished\":\"2025-05-28T14:01:12+00:00\",\"dateModified\":\"2025-05-29T21:49:40+00:00\",\"breadcrumb\":{\"@id\":\"https:\\\/\\\/lin.rentals\\\/about-us-2\\\/#breadcrumb\"},\"inLanguage\":\"\u00e9-ES\",\"potentialAction\":[{\"@type\":\"ReadAction\",\"target\":[\"https:\\\/\\\/lin.rentals\\\/about-us-2\\\/\"]}]},{\"@type\":\"ImageObject\",\"inLanguage\":\"\u00e9-ES\",\"@id\":\"https:\\\/\\\/lin.rentals\\\/about-us-2\\\/#primaryimage\",\"url\":\"https:\\\/\\\/lin.rentals\\\/wp-content\\\/uploads\\\/2025\\\/05\\\/Lin-Rentals-Vector.png\",\"contentUrl\":\"https:\\\/\\\/lin.rentals\\\/wp-content\\\/uploads\\\/2025\\\/05\\\/Lin-Rentals-Vector.png\",\"width\":512,\"height\":512,\"caption\":\"About Us Lin Rentals\"},{\"@type\":\"BreadcrumbList\",\"@id\":\"https:\\\/\\\/lin.rentals\\\/about-us-2\\\/#breadcrumb\",\"itemListElement\":[{\"@type\":\"ListItem\",\"position\":1,\"name\":\"Home\",\"item\":\"https:\\\/\\\/lin.rentals\\\/es\\\/\"},{\"@type\":\"ListItem\",\"position\":2,\"name\":\"Sobre Nosotros\"}]},{\"@type\":\"WebSite\",\"@id\":\"https:\\\/\\\/lin.rentals\\\/#website\",\"url\":\"https:\\\/\\\/lin.rentals\\\/\",\"name\":\"Lin Rentals\",\"description\":\"Alugue seu carrinho agora!\",\"potentialAction\":[{\"@type\":\"SearchAction\",\"target\":{\"@type\":\"EntryPoint\",\"urlTemplate\":\"https:\\\/\\\/lin.rentals\\\/?s={search_term_string}\"},\"query-input\":{\"@type\":\"PropertyValueSpecification\",\"valueRequired\":true,\"valueName\":\"search_term_string\"}}],\"inLanguage\":\"\u00e9-ES\"}]}<\/script>\n<!-- \/ Yoast SEO plugin. -->","yoast_head_json":{"title":"Sobre Nosotros - Lin Rentals","robots":{"index":"index","follow":"follow","max-snippet":"max-snippet:-1","max-image-preview":"max-image-preview:large","max-video-preview":"max-video-preview:-1"},"canonical":"https:\/\/lin.rentals\/about-us-2\/","og_locale":"en_US","og_type":"article","og_title":"Sobre Nosotros - Lin Rentals","og_description":"&#8220;Quienes cuidan de las familias tambi\u00e9n merecen ser cuidados.&#8221; Nuestro negocio naci\u00f3 del deseo de cambiar nuestras vidas y pasar m\u00e1s tiempo con nuestras propias familias. Hoy, tenemos el privilegio de ayudar a otras familias a hacer lo mismo durante sus vacaciones. Tras a\u00f1os trabajando en el sector del alquiler, decidimos iniciar una empresa con [&hellip;]","og_url":"https:\/\/lin.rentals\/about-us-2\/","og_site_name":"Lin Rentals","article_modified_time":"2025-05-29T21:49:40+00:00","og_image":[{"width":512,"height":512,"url":"https:\/\/lin.rentals\/wp-content\/uploads\/2025\/05\/Lin-Rentals-Vector.png","type":"image\/png"}],"twitter_card":"summary_large_image","twitter_misc":{"Est. reading time":"2 minutes"},"schema":{"@context":"https:\/\/schema.org","@graph":[{"@type":"WebPage","@id":"https:\/\/lin.rentals\/about-us-2\/","url":"https:\/\/lin.rentals\/about-us-2\/","name":"Sobre Nosotros - Lin Rentals","isPartOf":{"@id":"https:\/\/lin.rentals\/#website"},"primaryImageOfPage":{"@id":"https:\/\/lin.rentals\/about-us-2\/#primaryimage"},"image":{"@id":"https:\/\/lin.rentals\/about-us-2\/#primaryimage"},"thumbnailUrl":"https:\/\/lin.rentals\/wp-content\/uploads\/2025\/05\/Lin-Rentals-Vector.png","datePublished":"2025-05-28T14:01:12+00:00","dateModified":"2025-05-29T21:49:40+00:00","breadcrumb":{"@id":"https:\/\/lin.rentals\/about-us-2\/#breadcrumb"},"inLanguage":"\u00e9-ES","potentialAction":[{"@type":"ReadAction","target":["https:\/\/lin.rentals\/about-us-2\/"]}]},{"@type":"ImageObject","inLanguage":"\u00e9-ES","@id":"https:\/\/lin.rentals\/about-us-2\/#primaryimage","url":"https:\/\/lin.rentals\/wp-content\/uploads\/2025\/05\/Lin-Rentals-Vector.png","contentUrl":"https:\/\/lin.rentals\/wp-content\/uploads\/2025\/05\/Lin-Rentals-Vector.png","width":512,"height":512,"caption":"About Us Lin Rentals"},{"@type":"BreadcrumbList","@id":"https:\/\/lin.rentals\/about-us-2\/#breadcrumb","itemListElement":[{"@type":"ListItem","position":1,"name":"Home","item":"https:\/\/lin.rentals\/es\/"},{"@type":"ListItem","position":2,"name":"Sobre Nosotros"}]},{"@type":"WebSite","@id":"https:\/\/lin.rentals\/#website","url":"https:\/\/lin.rentals\/","name":"Lin Rentals","description":"Alugue seu carrinho agora!","potentialAction":[{"@type":"SearchAction","target":{"@type":"EntryPoint","urlTemplate":"https:\/\/lin.rentals\/?s={search_term_string}"},"query-input":{"@type":"PropertyValueSpecification","valueRequired":true,"valueName":"search_term_string"}}],"inLanguage":"\u00e9-ES"}]}},"_links":{"self":[{"href":"https:\/\/lin.rentals\/es\/wp-json\/wp\/v2\/pages\/1108","targetHints":{"allow":["GET"]}}],"collection":[{"href":"https:\/\/lin.rentals\/es\/wp-json\/wp\/v2\/pages"}],"about":[{"href":"https:\/\/lin.rentals\/es\/wp-json\/wp\/v2\/types\/page"}],"author":[{"embeddable":true,"href":"https:\/\/lin.rentals\/es\/wp-json\/wp\/v2\/users\/1"}],"replies":[{"embeddable":true,"href":"https:\/\/lin.rentals\/es\/wp-json\/wp\/v2\/comments?post=1108"}],"version-history":[{"count":1,"href":"https:\/\/lin.rentals\/es\/wp-json\/wp\/v2\/pages\/1108\/revisions"}],"predecessor-version":[{"id":1109,"href":"https:\/\/lin.rentals\/es\/wp-json\/wp\/v2\/pages\/1108\/revisions\/1109"}],"wp:featuredmedia":[{"embeddable":true,"href":"https:\/\/lin.rentals\/es\/wp-json\/wp\/v2\/media\/1177"}],"wp:attachment":[{"href":"https:\/\/lin.rentals\/es\/wp-json\/wp\/v2\/media?parent=1108"}],"curies":[{"name":"wp","href":"https:\/\/api.w.org\/{rel}","templated":true}]}}